{"id":13,"date":"2021-02-23T13:33:05","date_gmt":"2021-02-23T13:33:05","guid":{"rendered":"https:\/\/silbernagl-ofenbau.de\/?page_id=13"},"modified":"2021-02-26T10:23:03","modified_gmt":"2021-02-26T10:23:03","slug":"heizkamine","status":"publish","type":"page","link":"https:\/\/silbernagl-ofenbau.de\/?page_id=13","title":{"rendered":"Heizkamine"},"content":{"rendered":"\n<div class=\"wp-block-image\"><figure class=\"alignleft size-large is-resized\"><img loading=\"lazy\" decoding=\"async\" src=\"https:\/\/silbernagl-ofenbau.de\/wp-content\/uploads\/2021\/02\/3_209_4_deco_lava_P-1024x743.jpg\" alt=\"\" class=\"wp-image-34\" width=\"268\" height=\"194\" srcset=\"https:\/\/silbernagl-ofenbau.de\/wp-content\/uploads\/2021\/02\/3_209_4_deco_lava_P-1024x743.jpg 1024w, https:\/\/silbernagl-ofenbau.de\/wp-content\/uploads\/2021\/02\/3_209_4_deco_lava_P-300x218.jpg 300w, https:\/\/silbernagl-ofenbau.de\/wp-content\/uploads\/2021\/02\/3_209_4_deco_lava_P-768x557.jpg 768w, https:\/\/silbernagl-ofenbau.de\/wp-content\/uploads\/2021\/02\/3_209_4_deco_lava_P-1536x1114.jpg 1536w, https:\/\/silbernagl-ofenbau.de\/wp-content\/uploads\/2021\/02\/3_209_4_deco_lava_P-207x150.jpg 207w, https:\/\/silbernagl-ofenbau.de\/wp-content\/uploads\/2021\/02\/3_209_4_deco_lava_P.jpg 1890w\" sizes=\"auto, (max-width: 268px) 100vw, 268px\" \/><\/figure><\/div>\n\n\n\n<p>Ein Heizkamin heizt einerseits den Raum schnell auf und gibt anderseits die Speicherw\u00e4rme auch sehr schnell wieder ab. <\/p>\n\n\n\n<p>Durch die gro\u00dfe Feuersichtscheibe&nbsp;gibt er einen gro\u00dfen Teil seiner Energie \u00fcber die Strahlungsw\u00e4rme sofort an den Raum ab. Wie der Warmluft-Ofen kann auch ein Heizkamin zur Warmwasserbereitung ausger\u00fcstet werden. Heizkamine sind in allen Variationen der Gestaltung z.B.: mit Natursteine, Marmor, Keramik, oder verputzte Ausf\u00fchrung m\u00f6glich.<\/p>\n\n\n\nngg_shortcode_0_placeholder\n","protected":false},"excerpt":{"rendered":"<p>Ein Heizkamin heizt einerseits den Raum schnell auf und gibt anderseits die Speicherw\u00e4rme auch sehr schnell wieder ab. Durch die gro\u00dfe Feuersichtscheibe&nbsp;gibt er einen gro\u00dfen Teil seiner Energie \u00fcber die <a class=\"more-link\" href=\"https:\/\/silbernagl-ofenbau.de\/?page_id=13\">weiterlesen&#8230;<\/a><\/p>\n","protected":false},"author":1,"featured_media":0,"parent":0,"menu_order":0,"comment_status":"closed","ping_status":"closed","template":"","meta":{"ngg_post_thumbnail":0,"footnotes":""},"class_list":["post-13","page","type-page","status-publish","hentry"],"_links":{"self":[{"href":"https:\/\/silbernagl-ofenbau.de\/index.php?rest_route=\/wp\/v2\/pages\/13","targetHints":{"allow":["GET"]}}],"collection":[{"href":"https:\/\/silbernagl-ofenbau.de\/index.php?rest_route=\/wp\/v2\/pages"}],"about":[{"href":"https:\/\/silbernagl-ofenbau.de\/index.php?rest_route=\/wp\/v2\/types\/page"}],"author":[{"embeddable":true,"href":"https:\/\/silbernagl-ofenbau.de\/index.php?rest_route=\/wp\/v2\/users\/1"}],"replies":[{"embeddable":true,"href":"https:\/\/silbernagl-ofenbau.de\/index.php?rest_route=%2Fwp%2Fv2%2Fcomments&post=13"}],"version-history":[{"count":8,"href":"https:\/\/silbernagl-ofenbau.de\/index.php?rest_route=\/wp\/v2\/pages\/13\/revisions"}],"predecessor-version":[{"id":193,"href":"https:\/\/silbernagl-ofenbau.de\/index.php?rest_route=\/wp\/v2\/pages\/13\/revisions\/193"}],"wp:attachment":[{"href":"https:\/\/silbernagl-ofenbau.de\/index.php?rest_route=%2Fwp%2Fv2%2Fmedia&parent=13"}],"curies":[{"name":"wp","href":"https:\/\/api.w.org\/{rel}","templated":true}]}}