{"id":14,"date":"2021-02-23T13:33:05","date_gmt":"2021-02-23T13:33:05","guid":{"rendered":"https:\/\/silbernagl-ofenbau.de\/?page_id=14"},"modified":"2021-02-26T10:23:12","modified_gmt":"2021-02-26T10:23:12","slug":"kacheloefen","status":"publish","type":"page","link":"https:\/\/silbernagl-ofenbau.de\/?page_id=14","title":{"rendered":"Kachel\u00f6fen"},"content":{"rendered":"\n<div class=\"wp-block-image\"><figure class=\"alignleft size-large is-resized\"><img loading=\"lazy\" decoding=\"async\" src=\"https:\/\/silbernagl-ofenbau.de\/wp-content\/uploads\/2021\/02\/5_59_1_jade_schoko_Premio_St_3001_P-1024x683.jpg\" alt=\"\" class=\"wp-image-38\" width=\"257\" height=\"170\" srcset=\"https:\/\/silbernagl-ofenbau.de\/wp-content\/uploads\/2021\/02\/5_59_1_jade_schoko_Premio_St_3001_P-1024x683.jpg 1024w, https:\/\/silbernagl-ofenbau.de\/wp-content\/uploads\/2021\/02\/5_59_1_jade_schoko_Premio_St_3001_P-300x200.jpg 300w, https:\/\/silbernagl-ofenbau.de\/wp-content\/uploads\/2021\/02\/5_59_1_jade_schoko_Premio_St_3001_P-768x512.jpg 768w, https:\/\/silbernagl-ofenbau.de\/wp-content\/uploads\/2021\/02\/5_59_1_jade_schoko_Premio_St_3001_P-1536x1024.jpg 1536w, https:\/\/silbernagl-ofenbau.de\/wp-content\/uploads\/2021\/02\/5_59_1_jade_schoko_Premio_St_3001_P-225x150.jpg 225w, https:\/\/silbernagl-ofenbau.de\/wp-content\/uploads\/2021\/02\/5_59_1_jade_schoko_Premio_St_3001_P.jpg 1890w\" sizes=\"auto, (max-width: 257px) 100vw, 257px\" \/><\/figure><\/div>\n\n\n\n<p>Beim Kachelofen sind mehrere Ausf\u00fchrungen m\u00f6glich: <\/p>\n\n\n\n<p>-der <strong>Warmluft-Ofen<\/strong>&nbsp;gibt schnelle W\u00e4rme ab und kann \u00fcber eine Warmluftf\u00fchrung auch mehrere R\u00e4ume beheizen. <\/p>\n\n\n\n<p>-der <strong>Warmluftofen mit einem Nachheizregister<\/strong>&nbsp;aus Schmiedestahl oder Gu\u00dfeisen ben\u00f6tigt eine kurze Aufheizzeit, gibt dadurch seine W\u00e4rme schneller ab. <\/p>\n\n\n\n<p>-der <strong>Kombi-Warmluftofen mit keramischem Nachheizregister<\/strong>&nbsp;vereint das Prinzip des Grund- und Warmluftofens. Schnelle Aufheizzeit und l\u00e4ngere W\u00e4rmespeicherung.<\/p>\n\n\n\nngg_shortcode_0_placeholder\n","protected":false},"excerpt":{"rendered":"<p>Beim Kachelofen sind mehrere Ausf\u00fchrungen m\u00f6glich: -der Warmluft-Ofen&nbsp;gibt schnelle W\u00e4rme ab und kann \u00fcber eine Warmluftf\u00fchrung auch mehrere R\u00e4ume beheizen. -der Warmluftofen mit einem Nachheizregister&nbsp;aus Schmiedestahl oder Gu\u00dfeisen ben\u00f6tigt eine <a class=\"more-link\" href=\"https:\/\/silbernagl-ofenbau.de\/?page_id=14\">weiterlesen&#8230;<\/a><\/p>\n","protected":false},"author":1,"featured_media":0,"parent":0,"menu_order":0,"comment_status":"closed","ping_status":"closed","template":"","meta":{"ngg_post_thumbnail":0,"footnotes":""},"class_list":["post-14","page","type-page","status-publish","hentry"],"_links":{"self":[{"href":"https:\/\/silbernagl-ofenbau.de\/index.php?rest_route=\/wp\/v2\/pages\/14","targetHints":{"allow":["GET"]}}],"collection":[{"href":"https:\/\/silbernagl-ofenbau.de\/index.php?rest_route=\/wp\/v2\/pages"}],"about":[{"href":"https:\/\/silbernagl-ofenbau.de\/index.php?rest_route=\/wp\/v2\/types\/page"}],"author":[{"embeddable":true,"href":"https:\/\/silbernagl-ofenbau.de\/index.php?rest_route=\/wp\/v2\/users\/1"}],"replies":[{"embeddable":true,"href":"https:\/\/silbernagl-ofenbau.de\/index.php?rest_route=%2Fwp%2Fv2%2Fcomments&post=14"}],"version-history":[{"count":7,"href":"https:\/\/silbernagl-ofenbau.de\/index.php?rest_route=\/wp\/v2\/pages\/14\/revisions"}],"predecessor-version":[{"id":194,"href":"https:\/\/silbernagl-ofenbau.de\/index.php?rest_route=\/wp\/v2\/pages\/14\/revisions\/194"}],"wp:attachment":[{"href":"https:\/\/silbernagl-ofenbau.de\/index.php?rest_route=%2Fwp%2Fv2%2Fmedia&parent=14"}],"curies":[{"name":"wp","href":"https:\/\/api.w.org\/{rel}","templated":true}]}}