{"id":15,"date":"2021-02-23T13:33:05","date_gmt":"2021-02-23T13:33:05","guid":{"rendered":"https:\/\/silbernagl-ofenbau.de\/?page_id=15"},"modified":"2021-02-26T10:22:56","modified_gmt":"2021-02-26T10:22:56","slug":"edelstahlschornsteine","status":"publish","type":"page","link":"https:\/\/silbernagl-ofenbau.de\/?page_id=15","title":{"rendered":"Edelstahlschornsteine"},"content":{"rendered":"\n<div class=\"wp-block-image\"><figure class=\"alignleft size-large is-resized\"><img loading=\"lazy\" decoding=\"async\" src=\"https:\/\/silbernagl-ofenbau.de\/wp-content\/uploads\/2021\/02\/edelstahlschornstein.jpg\" alt=\"\" class=\"wp-image-46\" width=\"236\" height=\"315\" srcset=\"https:\/\/silbernagl-ofenbau.de\/wp-content\/uploads\/2021\/02\/edelstahlschornstein.jpg 600w, https:\/\/silbernagl-ofenbau.de\/wp-content\/uploads\/2021\/02\/edelstahlschornstein-225x300.jpg 225w, https:\/\/silbernagl-ofenbau.de\/wp-content\/uploads\/2021\/02\/edelstahlschornstein-113x150.jpg 113w\" sizes=\"auto, (max-width: 236px) 100vw, 236px\" \/><\/figure><\/div>\n\n\n\n<p>Sollte zu Ihrem Wunschofen mal kein passender Schornstein zur Verf\u00fcgung stehen, so k\u00f6nnen wir Ihnen auch einen passenden Au\u00dfenedelstahlschornstein anbieten.<\/p>\n\n\n\n<p>Unsere Edelstahlschornsteine werden von der Firma Alphatherm hergestellt und erf\u00fcllen alle erforderlichen Anforderungen.<\/p>\n","protected":false},"excerpt":{"rendered":"<p>Sollte zu Ihrem Wunschofen mal kein passender Schornstein zur Verf\u00fcgung stehen, so k\u00f6nnen wir Ihnen auch einen passenden Au\u00dfenedelstahlschornstein anbieten. Unsere Edelstahlschornsteine werden von der Firma Alphatherm hergestellt und erf\u00fcllen <a class=\"more-link\" href=\"https:\/\/silbernagl-ofenbau.de\/?page_id=15\">weiterlesen&#8230;<\/a><\/p>\n","protected":false},"author":1,"featured_media":0,"parent":0,"menu_order":0,"comment_status":"closed","ping_status":"closed","template":"","meta":{"ngg_post_thumbnail":0,"footnotes":""},"class_list":["post-15","page","type-page","status-publish","hentry"],"_links":{"self":[{"href":"https:\/\/silbernagl-ofenbau.de\/index.php?rest_route=\/wp\/v2\/pages\/15","targetHints":{"allow":["GET"]}}],"collection":[{"href":"https:\/\/silbernagl-ofenbau.de\/index.php?rest_route=\/wp\/v2\/pages"}],"about":[{"href":"https:\/\/silbernagl-ofenbau.de\/index.php?rest_route=\/wp\/v2\/types\/page"}],"author":[{"embeddable":true,"href":"https:\/\/silbernagl-ofenbau.de\/index.php?rest_route=\/wp\/v2\/users\/1"}],"replies":[{"embeddable":true,"href":"https:\/\/silbernagl-ofenbau.de\/index.php?rest_route=%2Fwp%2Fv2%2Fcomments&post=15"}],"version-history":[{"count":6,"href":"https:\/\/silbernagl-ofenbau.de\/index.php?rest_route=\/wp\/v2\/pages\/15\/revisions"}],"predecessor-version":[{"id":192,"href":"https:\/\/silbernagl-ofenbau.de\/index.php?rest_route=\/wp\/v2\/pages\/15\/revisions\/192"}],"wp:attachment":[{"href":"https:\/\/silbernagl-ofenbau.de\/index.php?rest_route=%2Fwp%2Fv2%2Fmedia&parent=15"}],"curies":[{"name":"wp","href":"https:\/\/api.w.org\/{rel}","templated":true}]}}