{"id":16,"date":"2021-02-23T13:33:05","date_gmt":"2021-02-23T13:33:05","guid":{"rendered":"https:\/\/silbernagl-ofenbau.de\/?page_id=16"},"modified":"2021-02-26T09:56:38","modified_gmt":"2021-02-26T09:56:38","slug":"zubehoer","status":"publish","type":"page","link":"https:\/\/silbernagl-ofenbau.de\/?page_id=16","title":{"rendered":"Zubeh\u00f6r"},"content":{"rendered":"\n<div class=\"wp-block-image\"><figure class=\"alignleft size-large is-resized\"><img loading=\"lazy\" decoding=\"async\" src=\"https:\/\/silbernagl-ofenbau.de\/wp-content\/uploads\/2021\/02\/Zubehoer-1024x576.jpg\" alt=\"\" class=\"wp-image-44\" width=\"329\" height=\"185\" srcset=\"https:\/\/silbernagl-ofenbau.de\/wp-content\/uploads\/2021\/02\/Zubehoer-1024x576.jpg 1024w, https:\/\/silbernagl-ofenbau.de\/wp-content\/uploads\/2021\/02\/Zubehoer-300x169.jpg 300w, https:\/\/silbernagl-ofenbau.de\/wp-content\/uploads\/2021\/02\/Zubehoer-768x432.jpg 768w, https:\/\/silbernagl-ofenbau.de\/wp-content\/uploads\/2021\/02\/Zubehoer-1536x864.jpg 1536w, https:\/\/silbernagl-ofenbau.de\/wp-content\/uploads\/2021\/02\/Zubehoer-2048x1152.jpg 2048w, https:\/\/silbernagl-ofenbau.de\/wp-content\/uploads\/2021\/02\/Zubehoer-690x388.jpg 690w, https:\/\/silbernagl-ofenbau.de\/wp-content\/uploads\/2021\/02\/Zubehoer-267x150.jpg 267w\" sizes=\"auto, (max-width: 329px) 100vw, 329px\" \/><\/figure><\/div>\n\n\n\n<p>Wir f\u00fchren ein umfangreiches Sortiment an Zubeh\u00f6r, Ersatzteile und Accessoires f\u00fcr ihren Wunschofen.<\/p>\n\n\n\n<p> Holzk\u00f6rbe, Kaminbestecke, Anz\u00fcnder, Wasserverdunster, Scheibenreiniger u.v.m.<\/p>\n\n\n\n<p><strong>Schauen sie einfach in unserem Studio vorbei!<\/strong><\/p>\n","protected":false},"excerpt":{"rendered":"<p>Wir f\u00fchren ein umfangreiches Sortiment an Zubeh\u00f6r, Ersatzteile und Accessoires f\u00fcr ihren Wunschofen. Holzk\u00f6rbe, Kaminbestecke, Anz\u00fcnder, Wasserverdunster, Scheibenreiniger u.v.m. Schauen sie einfach in unserem Studio vorbei!<\/p>\n","protected":false},"author":1,"featured_media":0,"parent":0,"menu_order":0,"comment_status":"closed","ping_status":"closed","template":"","meta":{"ngg_post_thumbnail":0,"footnotes":""},"class_list":["post-16","page","type-page","status-publish","hentry"],"_links":{"self":[{"href":"https:\/\/silbernagl-ofenbau.de\/index.php?rest_route=\/wp\/v2\/pages\/16","targetHints":{"allow":["GET"]}}],"collection":[{"href":"https:\/\/silbernagl-ofenbau.de\/index.php?rest_route=\/wp\/v2\/pages"}],"about":[{"href":"https:\/\/silbernagl-ofenbau.de\/index.php?rest_route=\/wp\/v2\/types\/page"}],"author":[{"embeddable":true,"href":"https:\/\/silbernagl-ofenbau.de\/index.php?rest_route=\/wp\/v2\/users\/1"}],"replies":[{"embeddable":true,"href":"https:\/\/silbernagl-ofenbau.de\/index.php?rest_route=%2Fwp%2Fv2%2Fcomments&post=16"}],"version-history":[{"count":4,"href":"https:\/\/silbernagl-ofenbau.de\/index.php?rest_route=\/wp\/v2\/pages\/16\/revisions"}],"predecessor-version":[{"id":187,"href":"https:\/\/silbernagl-ofenbau.de\/index.php?rest_route=\/wp\/v2\/pages\/16\/revisions\/187"}],"wp:attachment":[{"href":"https:\/\/silbernagl-ofenbau.de\/index.php?rest_route=%2Fwp%2Fv2%2Fmedia&parent=16"}],"curies":[{"name":"wp","href":"https:\/\/api.w.org\/{rel}","templated":true}]}}