{"id":2,"date":"2021-02-23T14:09:43","date_gmt":"2021-02-23T14:09:43","guid":{"rendered":"https:\/\/silbernagl-ofenbau.de\/?page_id=2"},"modified":"2021-02-24T10:02:21","modified_gmt":"2021-02-24T10:02:21","slug":"sample-page","status":"publish","type":"page","link":"https:\/\/silbernagl-ofenbau.de\/?page_id=2","title":{"rendered":"Eco-Plus Technik"},"content":{"rendered":"\n<div class=\"wp-block-image\"><figure class=\"alignleft size-large\"><img loading=\"lazy\" decoding=\"async\" width=\"100\" height=\"99\" src=\"https:\/\/silbernagl-ofenbau.de\/wp-content\/uploads\/2021\/02\/ecoplus.gif\" alt=\"\" class=\"wp-image-91\"\/><\/figure><\/div>\n\n\n\n<p>Die <strong>ECO<\/strong><em>plus<\/em><strong>-Kamin\u00f6fen<\/strong>\u00a0sind die \u00f6kologischste<br>L\u00f6sung f\u00fcr die vieldiskutierte Feinstaubproblematik. Als<br>erster Anbieter hat Hark in Zusammenarbeit mit einem<br>namhaften Forschungsinstitut Feuerst\u00e4tten so optimiert, dass Feinstaub wirkungsvoll und ohne aufw\u00e4ndige externe<br>Apparaturen h\u00f6chst effektiv reduziert wird.<br><\/p>\n\n\n\n<p><strong>ECO<\/strong><em>plus<\/em><strong>\u00a0&#8211; Der Umwelt zu liebe<\/strong><\/p>\n\n\n\n<p>-HARK &#8211; Kaminofen mit integriertem Keramik-<strong>Feinstaubfilter<\/strong><br>-W\u00e4rme neu erleben<br>-Der umweltfreundlichste Kaminofen<br>-ECOplus<strong>\u00a0&#8211; reduziert den Brennstoffverbrauch <\/strong>und<strong>\u00a0schont die Umwelt<\/strong>.<\/p>\n\n\n\n<figure class=\"wp-block-image size-large\"><img loading=\"lazy\" decoding=\"async\" width=\"720\" height=\"314\" src=\"https:\/\/silbernagl-ofenbau.de\/wp-content\/uploads\/2021\/02\/ecoplus-grafik-EC-4.png\" alt=\"\" class=\"wp-image-93\" srcset=\"https:\/\/silbernagl-ofenbau.de\/wp-content\/uploads\/2021\/02\/ecoplus-grafik-EC-4.png 720w, https:\/\/silbernagl-ofenbau.de\/wp-content\/uploads\/2021\/02\/ecoplus-grafik-EC-4-300x131.png 300w\" sizes=\"auto, (max-width: 720px) 100vw, 720px\" \/><\/figure>\n","protected":false},"excerpt":{"rendered":"<p>Die ECOplus-Kamin\u00f6fen\u00a0sind die \u00f6kologischsteL\u00f6sung f\u00fcr die vieldiskutierte Feinstaubproblematik. Alserster Anbieter hat Hark in Zusammenarbeit mit einemnamhaften Forschungsinstitut Feuerst\u00e4tten so optimiert, dass Feinstaub wirkungsvoll und ohne aufw\u00e4ndige externeApparaturen h\u00f6chst effektiv reduziert <a class=\"more-link\" href=\"https:\/\/silbernagl-ofenbau.de\/?page_id=2\">weiterlesen&#8230;<\/a><\/p>\n","protected":false},"author":1,"featured_media":0,"parent":0,"menu_order":0,"comment_status":"closed","ping_status":"open","template":"","meta":{"ngg_post_thumbnail":0,"footnotes":""},"class_list":["post-2","page","type-page","status-publish","hentry"],"_links":{"self":[{"href":"https:\/\/silbernagl-ofenbau.de\/index.php?rest_route=\/wp\/v2\/pages\/2","targetHints":{"allow":["GET"]}}],"collection":[{"href":"https:\/\/silbernagl-ofenbau.de\/index.php?rest_route=\/wp\/v2\/pages"}],"about":[{"href":"https:\/\/silbernagl-ofenbau.de\/index.php?rest_route=\/wp\/v2\/types\/page"}],"author":[{"embeddable":true,"href":"https:\/\/silbernagl-ofenbau.de\/index.php?rest_route=\/wp\/v2\/users\/1"}],"replies":[{"embeddable":true,"href":"https:\/\/silbernagl-ofenbau.de\/index.php?rest_route=%2Fwp%2Fv2%2Fcomments&post=2"}],"version-history":[{"count":2,"href":"https:\/\/silbernagl-ofenbau.de\/index.php?rest_route=\/wp\/v2\/pages\/2\/revisions"}],"predecessor-version":[{"id":94,"href":"https:\/\/silbernagl-ofenbau.de\/index.php?rest_route=\/wp\/v2\/pages\/2\/revisions\/94"}],"wp:attachment":[{"href":"https:\/\/silbernagl-ofenbau.de\/index.php?rest_route=%2Fwp%2Fv2%2Fmedia&parent=2"}],"curies":[{"name":"wp","href":"https:\/\/api.w.org\/{rel}","templated":true}]}}