{"id":4,"date":"2021-02-23T13:11:22","date_gmt":"2021-02-23T13:11:22","guid":{"rendered":"https:\/\/silbernagl-ofenbau.de\/?page_id=4"},"modified":"2023-02-16T10:37:04","modified_gmt":"2023-02-16T10:37:04","slug":"willkommen-auf-https-silbernagl-ofenbau-de","status":"publish","type":"page","link":"https:\/\/silbernagl-ofenbau.de\/","title":{"rendered":"Willkommen"},"content":{"rendered":"\n<p><span style=\"color:#f52222\" class=\"tadv-color\"><\/span><\/p>\n\n\n<div class=\"wp-block-image\">\n<figure class=\"alignleft size-large is-resized\"><img loading=\"lazy\" decoding=\"async\" src=\"https:\/\/silbernagl-ofenbau.de\/wp-content\/uploads\/2021\/02\/kaminfeuer.gif\" alt=\"\" class=\"wp-image-32\" width=\"179\" height=\"134\"\/><\/figure>\n<\/div>\n\n\n<p class=\"has-text-align-left\">Wir, die Firma Silbernagl, bestehen seit 1967. Seit dieser Zeit haben wir uns st\u00e4ndig weiter entwickelt und k\u00f6nnen uns deshalb zu den f\u00fchrenden Kachelofen- und Kaminbauern z\u00e4hlen. Wir sind St\u00fctzpunkth\u00e4ndler der Firma <em>Hark<\/em> und f\u00fchren unter anderem auch Produkte namhafter Hersteller wie <em>Spartherm, Schmid, Olsberg, MCZ, Aduro, Koppe, Wodtke<\/em> uvm.. Unsere Mitarbeiter werden stets auf den Stand der Technik geschult. Kompetente Beratung und Service vor und nach dem Einbau Ihres Wunschkamines- oder Kachelofens stehen bei uns immer im Vordergrund. <\/p>\n\n\n\n<p class=\"has-text-align-left\"><strong>Ihre Zufriedenheit ist selbstverst\u00e4ndlich unsere Werbung!<\/strong><\/p>\n","protected":false},"excerpt":{"rendered":"<p>Wir, die Firma Silbernagl, bestehen seit 1967. Seit dieser Zeit haben wir uns st\u00e4ndig weiter entwickelt und k\u00f6nnen uns deshalb zu den f\u00fchrenden Kachelofen- und Kaminbauern z\u00e4hlen. Wir sind St\u00fctzpunkth\u00e4ndler <a class=\"more-link\" href=\"https:\/\/silbernagl-ofenbau.de\/\">weiterlesen&#8230;<\/a><\/p>\n","protected":false},"author":1,"featured_media":0,"parent":0,"menu_order":0,"comment_status":"closed","ping_status":"open","template":"","meta":{"ngg_post_thumbnail":0,"footnotes":""},"class_list":["post-4","page","type-page","status-publish","hentry"],"_links":{"self":[{"href":"https:\/\/silbernagl-ofenbau.de\/index.php?rest_route=\/wp\/v2\/pages\/4","targetHints":{"allow":["GET"]}}],"collection":[{"href":"https:\/\/silbernagl-ofenbau.de\/index.php?rest_route=\/wp\/v2\/pages"}],"about":[{"href":"https:\/\/silbernagl-ofenbau.de\/index.php?rest_route=\/wp\/v2\/types\/page"}],"author":[{"embeddable":true,"href":"https:\/\/silbernagl-ofenbau.de\/index.php?rest_route=\/wp\/v2\/users\/1"}],"replies":[{"embeddable":true,"href":"https:\/\/silbernagl-ofenbau.de\/index.php?rest_route=%2Fwp%2Fv2%2Fcomments&post=4"}],"version-history":[{"count":9,"href":"https:\/\/silbernagl-ofenbau.de\/index.php?rest_route=\/wp\/v2\/pages\/4\/revisions"}],"predecessor-version":[{"id":216,"href":"https:\/\/silbernagl-ofenbau.de\/index.php?rest_route=\/wp\/v2\/pages\/4\/revisions\/216"}],"wp:attachment":[{"href":"https:\/\/silbernagl-ofenbau.de\/index.php?rest_route=%2Fwp%2Fv2%2Fmedia&parent=4"}],"curies":[{"name":"wp","href":"https:\/\/api.w.org\/{rel}","templated":true}]}}