{"id":48,"date":"2021-02-23T14:09:44","date_gmt":"2021-02-23T14:09:44","guid":{"rendered":"https:\/\/silbernagl-ofenbau.de\/?page_id=48"},"modified":"2021-02-24T14:31:17","modified_gmt":"2021-02-24T14:31:17","slug":"impressum","status":"publish","type":"page","link":"https:\/\/silbernagl-ofenbau.de\/?page_id=48","title":{"rendered":"Impressum"},"content":{"rendered":"\n<p>Sascha Silbernagl Kachelofen- und Luftheizungsbaumeister <\/p>\n\n\n\n<p>Hechingerstr. 11\/1 <\/p>\n\n\n\n<p>72336 Balingen-Engstlatt <\/p>\n\n\n\n<p>Tel. 07433\/90898-0 <\/p>\n\n\n\n<p>Fax. 07433\/90898-16 <\/p>\n\n\n\n<p>e-M@il: <a href=\"mailto:silbernagl@silbernagl-ofenbau.de\">silbernagl@silbernagl-ofenbau.de<\/a><a rel=\"noreferrer noopener\" href=\"http:\/\/www.silbernagl-ofenbau.de\" target=\"_blank\"> <\/a><\/p>\n\n\n\n<p><a rel=\"noreferrer noopener\" href=\"http:\/\/www.silbernagl-ofenbau.de\" target=\"_blank\">http:\/\/www.silbernagl-ofenbau.de<\/a> <\/p>\n\n\n\n<p>Mitglied der Ofen- und Luftheizungsbauer-Innung <\/p>\n\n\n\n<p>zust\u00e4ndige Handwerkskammer: Handwerkskammer Reutlingen Hindenburgstr. 58 72762 Reutlingen Steuer-Nr. 53386\/54508 USt-IdNr. DE296069649 <\/p>\n\n\n\n<p>Das Landgericht Hamburg hat mit Urteil vom 12.05.1998 entschieden, dass man durch die Ausbringung eines Links die Inhalte der gelinkten Seite ggf. mit zu verantworten hat. Dies kann &#8211; so das LG &#8211; nur dadurch verhindert werden, dass man sich ausdr\u00fccklich von diesen Inhalten distanziert. Wir haben auf unserer Website Links zu anderen Seiten im Internet gelegt. F\u00fcr all diese Links gilt: Wir m\u00f6chten ausdr\u00fccklich betonen, dass wir keinerlei Einfluss auf die Gestaltung und die Inhalte der gelinkten Seiten haben. Deshalb distanzieren wir uns hiermit ausdr\u00fccklich von allen Inhalten aller gelinkten Seiten auf unserer gesamten Website!<\/p>\n","protected":false},"excerpt":{"rendered":"<p>Sascha Silbernagl Kachelofen- und Luftheizungsbaumeister Hechingerstr. 11\/1 72336 Balingen-Engstlatt Tel. 07433\/90898-0 Fax. 07433\/90898-16 e-M@il: silbernagl@silbernagl-ofenbau.de http:\/\/www.silbernagl-ofenbau.de Mitglied der Ofen- und Luftheizungsbauer-Innung zust\u00e4ndige Handwerkskammer: Handwerkskammer Reutlingen Hindenburgstr. 58 72762 Reutlingen Steuer-Nr. <a class=\"more-link\" href=\"https:\/\/silbernagl-ofenbau.de\/?page_id=48\">weiterlesen&#8230;<\/a><\/p>\n","protected":false},"author":1,"featured_media":0,"parent":0,"menu_order":0,"comment_status":"closed","ping_status":"closed","template":"","meta":{"ngg_post_thumbnail":0,"footnotes":""},"class_list":["post-48","page","type-page","status-publish","hentry"],"_links":{"self":[{"href":"https:\/\/silbernagl-ofenbau.de\/index.php?rest_route=\/wp\/v2\/pages\/48","targetHints":{"allow":["GET"]}}],"collection":[{"href":"https:\/\/silbernagl-ofenbau.de\/index.php?rest_route=\/wp\/v2\/pages"}],"about":[{"href":"https:\/\/silbernagl-ofenbau.de\/index.php?rest_route=\/wp\/v2\/types\/page"}],"author":[{"embeddable":true,"href":"https:\/\/silbernagl-ofenbau.de\/index.php?rest_route=\/wp\/v2\/users\/1"}],"replies":[{"embeddable":true,"href":"https:\/\/silbernagl-ofenbau.de\/index.php?rest_route=%2Fwp%2Fv2%2Fcomments&post=48"}],"version-history":[{"count":3,"href":"https:\/\/silbernagl-ofenbau.de\/index.php?rest_route=\/wp\/v2\/pages\/48\/revisions"}],"predecessor-version":[{"id":119,"href":"https:\/\/silbernagl-ofenbau.de\/index.php?rest_route=\/wp\/v2\/pages\/48\/revisions\/119"}],"wp:attachment":[{"href":"https:\/\/silbernagl-ofenbau.de\/index.php?rest_route=%2Fwp%2Fv2%2Fmedia&parent=48"}],"curies":[{"name":"wp","href":"https:\/\/api.w.org\/{rel}","templated":true}]}}